{"id":34,"date":"2017-06-18T14:33:56","date_gmt":"2017-06-18T12:33:56","guid":{"rendered":"http:\/\/efekter.pl\/?page_id=34"},"modified":"2023-01-27T14:09:10","modified_gmt":"2023-01-27T13:09:10","slug":"kontakt","status":"publish","type":"page","link":"https:\/\/efekter.pl\/index.php\/kontakt\/","title":{"rendered":"Kontakt"},"content":{"rendered":"\n<p>Moja firma jest transparentna. <strong>Wystawiam faktury VAT.<\/strong>&nbsp;Nigdy nie zawali\u0142em \u017cadnego terminu. Dla mnie dane s\u0142owo jest dro\u017csze od pieni\u0119dzy.  Je\u015bli pilnie potrzebujesz pomocy lub potrzebujesz jakie\u015b innej us\u0142ugi napisz do mnie. Na pewno si\u0119 dogadamy \ud83d\ude42 <\/p>\n\n\n\n<div class=\"wp-block-contact-form-7-contact-form-selector\">\n<div class=\"wpcf7 no-js\" id=\"wpcf7-f8-o1\" lang=\"pl-PL\" dir=\"ltr\">\n<div class=\"screen-reader-response\"><p role=\"status\" aria-live=\"polite\" aria-atomic=\"true\"><\/p> <ul><\/ul><\/div>\n<form action=\"\/index.php\/wp-json\/wp\/v2\/pages\/34#wpcf7-f8-o1\" method=\"post\" class=\"wpcf7-form init\" aria-label=\"Formularz kontaktowy\" novalidate=\"novalidate\" data-status=\"init\">\n<div style=\"display: none;\">\n<input type=\"hidden\" name=\"_wpcf7\" value=\"8\" \/>\n<input type=\"hidden\" name=\"_wpcf7_version\" value=\"5.7.7\" \/>\n<input type=\"hidden\" name=\"_wpcf7_locale\" value=\"pl_PL\" \/>\n<input type=\"hidden\" name=\"_wpcf7_unit_tag\" value=\"wpcf7-f8-o1\" \/>\n<input type=\"hidden\" name=\"_wpcf7_container_post\" value=\"0\" \/>\n<input type=\"hidden\" name=\"_wpcf7_posted_data_hash\" value=\"\" \/>\n<input type=\"hidden\" name=\"_wpcf7_recaptcha_response\" value=\"\" \/>\n<\/div>\n<p><label> Imi\u0119 i nazwisko (wymagane)<br \/>\n<span class=\"wpcf7-form-control-wrap\" data-name=\"your-name\"><input size=\"40\" class=\"wpcf7-form-control wpcf7-text wpcf7-validates-as-required\" aria-required=\"true\" aria-invalid=\"false\" value=\"\" type=\"text\" name=\"your-name\" \/><\/span> <\/label>\n<\/p>\n<p><label> Adres email (wymagane)<br \/>\n<span class=\"wpcf7-form-control-wrap\" data-name=\"your-email\"><input size=\"40\" class=\"wpcf7-form-control wpcf7-text wpcf7-email wpcf7-validates-as-required wpcf7-validates-as-email\" aria-required=\"true\" aria-invalid=\"false\" value=\"\" type=\"email\" name=\"your-email\" \/><\/span> <\/label>\n<\/p>\n<p><label> Adres strony internetowej lub sklepu (wymagane)<br \/>\n<span class=\"wpcf7-form-control-wrap\" data-name=\"url-280\"><input size=\"40\" class=\"wpcf7-form-control wpcf7-text wpcf7-url wpcf7-validates-as-required wpcf7-validates-as-url\" aria-required=\"true\" aria-invalid=\"false\" value=\"\" type=\"url\" name=\"url-280\" \/><\/span> <\/label>\n<\/p>\n<p><label> Nazwa fanpage'a lub link do niego (wymagane)<br \/>\n<span class=\"wpcf7-form-control-wrap\" data-name=\"text-334\"><input size=\"40\" class=\"wpcf7-form-control wpcf7-text\" aria-invalid=\"false\" value=\"\" type=\"text\" name=\"text-334\" \/><\/span><br \/>\n<label> Jak mog\u0119 Ci pom\u00f3c?<br \/>\n<\/label><br \/>\n<\/label><span class=\"wpcf7-form-control-wrap\" data-name=\"JakmogCipomc\"><span class=\"wpcf7-form-control wpcf7-checkbox\"><span class=\"wpcf7-list-item first\"><label><input type=\"checkbox\" name=\"JakmogCipomc[]\" value=\"Chc\u0119 zam\u00f3wi\u0107 audyt konta.\" \/><span class=\"wpcf7-list-item-label\">Chc\u0119 zam\u00f3wi\u0107 audyt konta.<\/span><\/label><\/span><span class=\"wpcf7-list-item\"><label><input type=\"checkbox\" name=\"JakmogCipomc[]\" value=\"Chc\u0119 zapyta\u0107 o mo\u017cliwo\u015b\u0107 prowadzania kampanii reklamowej.\" \/><span class=\"wpcf7-list-item-label\">Chc\u0119 zapyta\u0107 o mo\u017cliwo\u015b\u0107 prowadzania kampanii reklamowej.<\/span><\/label><\/span><span class=\"wpcf7-list-item last\"><label><input type=\"checkbox\" name=\"JakmogCipomc[]\" value=\"Pisz\u0119 w innej sprawie.\" \/><span class=\"wpcf7-list-item-label\">Pisz\u0119 w innej sprawie.<\/span><\/label><\/span><\/span><\/span>\n<\/p>\n<p><label> Tre\u015b\u0107 wiadomo\u015bci<br \/>\n<span class=\"wpcf7-form-control-wrap\" data-name=\"your-message\"><textarea cols=\"40\" rows=\"10\" class=\"wpcf7-form-control wpcf7-textarea\" aria-invalid=\"false\" name=\"your-message\"><\/textarea><\/span> <\/label>\n<\/p>\n<p><span class=\"wpcf7-form-control-wrap\" data-name=\"acceptance-275\"><span class=\"wpcf7-form-control wpcf7-acceptance\"><span class=\"wpcf7-list-item\"><label><input type=\"checkbox\" name=\"acceptance-275\" value=\"1\" aria-invalid=\"false\" \/><span class=\"wpcf7-list-item-label\">Wyra\u017cam zgod\u0119 na przetwarzenie danych w celu kontaktu.<\/span><\/label><\/span><\/span><\/span>\n<\/p>\n<p><input class=\"wpcf7-form-control has-spinner wpcf7-submit\" type=\"submit\" value=\"Wy\u015blij\" \/>\n<\/p><div class=\"wpcf7-response-output\" aria-hidden=\"true\"><\/div>\n<\/form>\n<\/div>\n<\/div>\n\n\n<p><\/p>\n<h1 style=\"color: #fff;\">KONTAKT<\/h1>\n<h3>Zapraszamy do kontaktu:<\/h3>\n<p>Pawe\u0142 Fr\u0105czek specjalista ds. reklamy<\/p>\n<p>EFEKTER Sp. z o.o.<br>ul. Bagienna 28<br>23-400 Bi\u0142goraj<br>tel. 698992323<br>mail. pawel@efekter.pl<\/p>\n\n\n<p><\/p>\n","protected":false},"excerpt":{"rendered":"<p>Moja firma jest transparentna. Wystawiam faktury VAT.&nbsp;Nigdy nie zawali\u0142em \u017cadnego terminu. Dla mnie dane s\u0142owo jest dro\u017csze od pieni\u0119dzy. Je\u015bli pilnie potrzebujesz pomocy lub potrzebujesz jakie\u015b innej us\u0142ugi napisz do mnie. Na pewno si\u0119 dogadamy \ud83d\ude42 KONTAKT Zapraszamy do kontaktu: Pawe\u0142 Fr\u0105czek specjalista ds. reklamy EFEKTER Sp. z o.o.ul. Bagienna 2823-400 Bi\u0142gorajtel. 698992323mail. pawel@efekter.pl<\/p>\n","protected":false},"author":1,"featured_media":0,"parent":0,"menu_order":0,"comment_status":"closed","ping_status":"closed","template":"","meta":[],"_links":{"self":[{"href":"https:\/\/efekter.pl\/index.php\/wp-json\/wp\/v2\/pages\/34"}],"collection":[{"href":"https:\/\/efekter.pl\/index.php\/wp-json\/wp\/v2\/pages"}],"about":[{"href":"https:\/\/efekter.pl\/index.php\/wp-json\/wp\/v2\/types\/page"}],"author":[{"embeddable":true,"href":"https:\/\/efekter.pl\/index.php\/wp-json\/wp\/v2\/users\/1"}],"replies":[{"embeddable":true,"href":"https:\/\/efekter.pl\/index.php\/wp-json\/wp\/v2\/comments?post=34"}],"version-history":[{"count":16,"href":"https:\/\/efekter.pl\/index.php\/wp-json\/wp\/v2\/pages\/34\/revisions"}],"predecessor-version":[{"id":273,"href":"https:\/\/efekter.pl\/index.php\/wp-json\/wp\/v2\/pages\/34\/revisions\/273"}],"wp:attachment":[{"href":"https:\/\/efekter.pl\/index.php\/wp-json\/wp\/v2\/media?parent=34"}],"curies":[{"name":"wp","href":"https:\/\/api.w.org\/{rel}","templated":true}]}}