{"id":11,"date":"2017-06-18T14:03:35","date_gmt":"2017-06-18T12:03:35","guid":{"rendered":"http:\/\/efekter.pl\/?page_id=11"},"modified":"2023-01-27T15:07:57","modified_gmt":"2023-01-27T14:07:57","slug":"home","status":"publish","type":"page","link":"https:\/\/efekter.pl\/","title":{"rendered":"Strona g\u0142\u00f3wna"},"content":{"rendered":"\n<p>Cze\u015b\u0107, nazywam si\u0119 Pawe\u0142 Fr\u0105czek i jestem freelancerem. Pomagam w rozwoju biznes\u00f3w.<\/p>\n\n\n\n<p>Specjalizuj\u0119 si\u0119 w reklamach Facebook Ads ale je\u015bli jest potrzeb\u0105 poprowadz\u0119 r\u00f3wnie\u017c kampani\u0119 w Google Ads. Je\u015bli masz do\u015b\u0107 przepalania bud\u017cetu reklamowego to dobrze, \u017ce tu jeste\u015b.<br><br>Sprawd\u017a jak wyda\u0142em ponad 1 mln z\u0142 bud\u017cetu reklamowego na sw\u00f3j sklep i uniknij b\u0142\u0119d\u00f3w pope\u0142nianych przeze mnie jak i innych w\u0142a\u015bcicieli e-commerce.<\/p>\n","protected":false},"excerpt":{"rendered":"<p>Cze\u015b\u0107, nazywam si\u0119 Pawe\u0142 Fr\u0105czek i jestem freelancerem. Pomagam w rozwoju biznes\u00f3w. Specjalizuj\u0119 si\u0119 w reklamach Facebook Ads ale je\u015bli jest potrzeb\u0105 poprowadz\u0119 r\u00f3wnie\u017c kampani\u0119 w Google Ads. Je\u015bli masz do\u015b\u0107 przepalania bud\u017cetu reklamowego to dobrze, \u017ce tu jeste\u015b. Sprawd\u017a jak wyda\u0142em ponad 1 mln z\u0142 bud\u017cetu reklamowego na sw\u00f3j sklep i uniknij b\u0142\u0119d\u00f3w pope\u0142nianych [&hellip;]<\/p>\n","protected":false},"author":1,"featured_media":0,"parent":0,"menu_order":0,"comment_status":"closed","ping_status":"closed","template":"","meta":[],"_links":{"self":[{"href":"https:\/\/efekter.pl\/index.php\/wp-json\/wp\/v2\/pages\/11"}],"collection":[{"href":"https:\/\/efekter.pl\/index.php\/wp-json\/wp\/v2\/pages"}],"about":[{"href":"https:\/\/efekter.pl\/index.php\/wp-json\/wp\/v2\/types\/page"}],"author":[{"embeddable":true,"href":"https:\/\/efekter.pl\/index.php\/wp-json\/wp\/v2\/users\/1"}],"replies":[{"embeddable":true,"href":"https:\/\/efekter.pl\/index.php\/wp-json\/wp\/v2\/comments?post=11"}],"version-history":[{"count":22,"href":"https:\/\/efekter.pl\/index.php\/wp-json\/wp\/v2\/pages\/11\/revisions"}],"predecessor-version":[{"id":280,"href":"https:\/\/efekter.pl\/index.php\/wp-json\/wp\/v2\/pages\/11\/revisions\/280"}],"wp:attachment":[{"href":"https:\/\/efekter.pl\/index.php\/wp-json\/wp\/v2\/media?parent=11"}],"curies":[{"name":"wp","href":"https:\/\/api.w.org\/{rel}","templated":true}]}}